{"id":35,"date":"2023-07-19T13:42:52","date_gmt":"2023-07-19T11:42:52","guid":{"rendered":"https:\/\/callassroles.be\/?page_id=35"},"modified":"2023-11-06T15:43:07","modified_gmt":"2023-11-06T14:43:07","slug":"envie-de-chanter-avec-nous","status":"publish","type":"page","link":"https:\/\/callassroles.be\/?page_id=35","title":{"rendered":"Envie de chanter avec nous ?"},"content":{"rendered":"<ul>\n<li>\n<p>        <img decoding=\"async\" src=\"\/wp-content\/uploads\/2023\/07\/12.jpg\" alt=\"\"><\/p>\n<\/li>\n<li>\n<p>        <img decoding=\"async\" src=\"\/wp-content\/uploads\/2023\/08\/IMG_4749-2.jpg\" alt=\"\"><\/p>\n<\/li>\n<li>\n<p>        <img decoding=\"async\" src=\"\/wp-content\/uploads\/2023\/07\/21.jpg\" alt=\"\"><\/p>\n<\/li>\n<li>\n<p>        <img decoding=\"async\" src=\"\/wp-content\/uploads\/2023\/07\/10.jpg\" alt=\"\"><\/p>\n<\/li>\n<li>\n<p>        <img decoding=\"async\" src=\"\/wp-content\/uploads\/2023\/07\/8.jpg\" alt=\"\"><\/p>\n<\/li>\n<\/ul>\n<h1>Envie de chanter avec nous ?<\/h1>\n<div>\n<p><span style=\"font-size: medium;\">Vous avez envie de nous rejoindre\u00a0et de vivre une exp\u00e9rience enrichissante au sein d\u2019un groupe vocal engag\u00e9 et dynamique ? Nous sommes convaincues que chaque voix a sa place dans notre groupe et nous accueillons avec plaisir des femmes de tous horizons et de tous niveaux musicaux. Que vous soyez d\u00e9butante ou confirm\u00e9e, vous trouverez chez nous un esprit d&rsquo;entraide et de solidarit\u00e9.<\/span><\/p>\n<\/div>\n<hr>\n<div>\n<p><span style=\"font-size: medium;\">Alors, si vous \u00eates pr\u00eates \u00e0 vous lancer dans l\u2019aventure des Callas s\u2019roles, remplissez d\u00e8s maintenant le formulaire en ligne. Vous serez rapidement contact\u00e9e par un membre du CA qui vous expliquera notre proc\u00e9dure de recrutement.<\/span><\/p>\n<\/div>\n<p>\n    <a href=\"\/index.php?page_id=484\">Formulaire de contact<\/a>\n<\/p>\n<p><img decoding=\"async\" src=\"\/wp-content\/uploads\/team-cta-type.svg\" alt=\"\"><\/p>\n<ul>\n<li>\n<p>        <img decoding=\"async\" src=\"\/wp-content\/uploads\/2023\/07\/26.jpg\" alt=\"\"><\/p>\n<\/li>\n<li>\n<p>        <img decoding=\"async\" src=\"\/wp-content\/uploads\/2023\/08\/IMG_4691-3.jpg\" alt=\"\"><\/p>\n<\/li>\n<li>\n<p>        <img decoding=\"async\" src=\"\/wp-content\/uploads\/2023\/07\/25.jpg\" alt=\"\"><\/p>\n<\/li>\n<li>\n<p>        <img decoding=\"async\" src=\"\/wp-content\/uploads\/2023\/07\/24.jpg\" alt=\"\"><\/p>\n<\/li>\n<\/ul>\n<p><!--more--><br \/>\n<!-- {\"type\":\"layout\",\"children\":[{\"name\":\"Slide\",\"type\":\"section\",\"props\":{\"animation\":\"slide-top-medium\",\"image_position\":\"center-center\",\"padding_remove_bottom\":false,\"style\":\"secondary\",\"title_breakpoint\":\"xl\",\"title_position\":\"top-left\",\"title_rotation\":\"left\",\"vertical_align\":\"middle\",\"width\":\"\"},\"children\":[{\"type\":\"row\",\"children\":[{\"type\":\"column\",\"props\":{\"image_position\":\"center-center\",\"position_sticky_breakpoint\":\"m\",\"width_medium\":\"1-1\"},\"children\":[{\"type\":\"overlay-slider\",\"props\":{\"image_loading\":true,\"image_width\":\"1260\",\"link_style\":\"default\",\"link_text\":\"\",\"margin\":\"default\",\"meta_align\":\"below-title\",\"meta_element\":\"div\",\"meta_style\":\"text-meta\",\"nav\":\"\",\"nav_align\":\"center\",\"nav_breakpoint\":\"s\",\"overlay_link\":true,\"overlay_mode\":\"cover\",\"overlay_position\":\"center\",\"overlay_transition\":\"fade\",\"show_content\":true,\"show_hover_image\":true,\"show_link\":true,\"show_meta\":true,\"show_title\":true,\"slidenav\":\"\",\"slidenav_breakpoint\":\"s\",\"slidenav_hover\":false,\"slidenav_margin\":\"medium\",\"slidenav_outside_breakpoint\":\"xl\",\"slider_autoplay\":true,\"slider_autoplay_pause\":true,\"slider_center\":true,\"slider_divider\":false,\"slider_gap\":\"small\",\"slider_sets\":true,\"slider_width\":\"fixed\",\"slider_width_default\":\"1-1\",\"slider_width_medium\":\"1-2\",\"slider_width_small\":\"3-5\",\"text_align\":\"center\",\"title_element\":\"h3\",\"title_hover_style\":\"reset\"},\"children\":[{\"type\":\"overlay-slider_item\",\"props\":{\"image\":\"wp-content\\\/uploads\\\/2023\\\/07\\\/12.jpg\"}},{\"type\":\"overlay-slider_item\",\"props\":{\"image\":\"wp-content\\\/uploads\\\/2023\\\/08\\\/IMG_4749-2.jpg\"}},{\"type\":\"overlay-slider_item\",\"props\":{\"image\":\"wp-content\\\/uploads\\\/2023\\\/07\\\/21.jpg\"}},{\"type\":\"overlay-slider_item\",\"props\":{\"image\":\"wp-content\\\/uploads\\\/2023\\\/07\\\/10.jpg\"}},{\"type\":\"overlay-slider_item\",\"props\":{\"image\":\"wp-content\\\/uploads\\\/2023\\\/07\\\/8.jpg\"}}]}]}]}]},{\"name\":\"Titre\",\"type\":\"section\",\"props\":{\"animation\":\"slide-right-medium\",\"css\":\"@media (max-width: 1600px)  {\\n    .el-section > * {\\n        background-size: 480px!important;\\n    }\\n}\",\"image_effect\":\"parallax\",\"image_loading\":true,\"image_parallax_easing\":\"1\",\"image_position\":\"top-right\",\"image_width\":\"600\",\"media_visibility\":\"l\",\"style\":\"default\",\"title_breakpoint\":\"xl\",\"title_position\":\"top-left\",\"title_rotation\":\"left\",\"vertical_align\":\"middle\",\"width\":\"xlarge\"},\"children\":[{\"type\":\"row\",\"props\":{\"margin\":\"xlarge\"},\"children\":[{\"type\":\"column\",\"props\":{\"image_position\":\"center-center\",\"position_sticky_breakpoint\":\"m\",\"width_medium\":\"1-1\"},\"children\":[{\"type\":\"headline\",\"props\":{\"content\":\"Envie de chanter avec nous ?\",\"text_align\":\"center\",\"title_element\":\"h1\",\"title_style\":\"heading-small\"}},{\"type\":\"text\",\"props\":{\"block_align\":\"center\",\"column_breakpoint\":\"m\",\"content\":\"\n\n<p><span style=\\\"font-size: medium;\\\">Vous avez envie de nous rejoindre\\u00a0et de vivre une exp\\u00e9rience enrichissante au sein d\\u2019un groupe vocal engag\\u00e9 et dynamique ? Nous sommes convaincues que chaque voix a sa place dans notre groupe et nous accueillons avec plaisir des femmes de tous horizons et de tous niveaux musicaux. Que vous soyez d\\u00e9butante ou confirm\\u00e9e, vous trouverez chez nous un esprit d'entraide et de solidarit\\u00e9.<\\\/span><\\\/p>\",\"margin\":\"large\",\"margin_remove_bottom\":false,\"maxwidth\":\"xlarge\",\"text_align\":\"center\",\"text_style\":\"lead\"}},{\"type\":\"divider\",\"props\":{\"divider_align\":\"center\",\"divider_element\":\"hr\",\"divider_style\":\"vertical\"}},{\"type\":\"text\",\"props\":{\"block_align\":\"center\",\"column_breakpoint\":\"m\",\"content\":\"\n\n<p><span style=\\\"font-size: medium;\\\">Alors, si vous \\u00eates pr\\u00eates \\u00e0 vous lancer dans l\\u2019aventure des Callas s\\u2019roles, remplissez d\\u00e8s maintenant le formulaire en ligne. Vous serez rapidement contact\\u00e9e par un membre du CA qui vous expliquera notre proc\\u00e9dure de recrutement.<\\\/span><\\\/p>\",\"margin\":\"large\",\"margin_remove_bottom\":false,\"maxwidth\":\"xlarge\",\"text_align\":\"center\",\"text_style\":\"lead\"}},{\"type\":\"button\",\"props\":{\"button_size\":\"large\",\"grid_column_gap\":\"small\",\"grid_row_gap\":\"small\",\"margin\":\"large\",\"text_align\":\"center\"},\"children\":[{\"type\":\"button_item\",\"props\":{\"button_style\":\"secondary\",\"content\":\"Formulaire de contact\",\"icon_align\":\"left\",\"link\":\"index.php?page_id=484\"}}]}]}]},{\"type\":\"row\",\"children\":[{\"type\":\"column\",\"props\":{\"image_position\":\"center-center\",\"position_sticky_breakpoint\":\"m\"},\"children\":[{\"type\":\"image\",\"props\":{\"image\":\"wp-content\\\/uploads\\\/team-cta-type.svg\",\"image_svg_color\":\"emphasis\",\"image_svg_inline\":true,\"margin\":\"default\",\"position\":\"absolute\",\"position_top\":\"50\",\"position_z_index\":\"1\",\"visibility\":\"m\"},\"name\":\"Welcome\"}]}]}]},{\"name\":\"Photos\",\"type\":\"section\",\"props\":{\"animation\":\"slide-right-medium\",\"image_position\":\"center-center\",\"padding\":\"xlarge\",\"padding_remove_bottom\":true,\"style\":\"default\",\"title_breakpoint\":\"xl\",\"title_position\":\"top-left\",\"title_rotation\":\"left\",\"vertical_align\":\"middle\",\"width\":\"\"},\"children\":[{\"type\":\"row\",\"children\":[{\"type\":\"column\",\"props\":{\"image_position\":\"center-center\",\"position_sticky_breakpoint\":\"m\"},\"children\":[{\"type\":\"gallery\",\"props\":{\"filter_align\":\"left\",\"filter_all\":true,\"filter_grid_breakpoint\":\"m\",\"filter_grid_width\":\"auto\",\"filter_position\":\"top\",\"filter_style\":\"tab\",\"grid_column_gap\":\"small\",\"grid_default\":\"1\",\"grid_masonry\":false,\"grid_medium\":\"2\",\"grid_row_gap\":\"small\",\"grid_small\":\"2\",\"item_animation\":true,\"lightbox\":true,\"link_style\":\"default\",\"link_text\":\"Agrandir\",\"margin\":\"default\",\"meta_align\":\"below-title\",\"meta_element\":\"div\",\"meta_style\":\"text-meta\",\"overlay_hover\":false,\"overlay_mode\":\"caption\",\"overlay_padding\":\"small\",\"overlay_position\":\"center\",\"overlay_style\":\"\",\"overlay_transition\":\"fade\",\"show_content\":false,\"show_hover_image\":true,\"show_link\":true,\"show_meta\":false,\"show_title\":false,\"text_align\":\"center\",\"text_color\":\"light\",\"title_element\":\"h3\",\"title_hover_style\":\"reset\"},\"children\":[{\"type\":\"gallery_item\",\"props\":{\"image\":\"wp-content\\\/uploads\\\/2023\\\/07\\\/26.jpg\"}},{\"type\":\"gallery_item\",\"props\":{\"image\":\"wp-content\\\/uploads\\\/2023\\\/08\\\/IMG_4691-3.jpg\"}},{\"type\":\"gallery_item\",\"props\":{\"image\":\"wp-content\\\/uploads\\\/2023\\\/07\\\/25.jpg\"}},{\"type\":\"gallery_item\",\"props\":{\"image\":\"wp-content\\\/uploads\\\/2023\\\/07\\\/24.jpg\"}}]}]}]}]}],\"version\":\"4.0.11\"} --><\/p>\n","protected":false},"excerpt":{"rendered":"<p>Envie de chanter avec nous ? Vous avez envie de nous rejoindre\u00a0et de vivre une exp\u00e9rience enrichissante au sein d\u2019un groupe vocal engag\u00e9 et dynamique ? Nous sommes convaincues que chaque voix a sa place dans notre groupe et nous accueillons avec plaisir des femmes de tous horizons et de tous niveaux musicaux. Que vous [&hellip;]<\/p>\n","protected":false},"author":1,"featured_media":0,"parent":0,"menu_order":0,"comment_status":"closed","ping_status":"closed","template":"","meta":{"footnotes":""},"class_list":["post-35","page","type-page","status-publish","hentry"],"_links":{"self":[{"href":"https:\/\/callassroles.be\/index.php?rest_route=\/wp\/v2\/pages\/35","targetHints":{"allow":["GET"]}}],"collection":[{"href":"https:\/\/callassroles.be\/index.php?rest_route=\/wp\/v2\/pages"}],"about":[{"href":"https:\/\/callassroles.be\/index.php?rest_route=\/wp\/v2\/types\/page"}],"author":[{"embeddable":true,"href":"https:\/\/callassroles.be\/index.php?rest_route=\/wp\/v2\/users\/1"}],"replies":[{"embeddable":true,"href":"https:\/\/callassroles.be\/index.php?rest_route=%2Fwp%2Fv2%2Fcomments&post=35"}],"version-history":[{"count":26,"href":"https:\/\/callassroles.be\/index.php?rest_route=\/wp\/v2\/pages\/35\/revisions"}],"predecessor-version":[{"id":488,"href":"https:\/\/callassroles.be\/index.php?rest_route=\/wp\/v2\/pages\/35\/revisions\/488"}],"wp:attachment":[{"href":"https:\/\/callassroles.be\/index.php?rest_route=%2Fwp%2Fv2%2Fmedia&parent=35"}],"curies":[{"name":"wp","href":"https:\/\/api.w.org\/{rel}","templated":true}]}}